{"id":8317,"date":"2025-07-23T09:02:05","date_gmt":"2025-07-23T09:02:05","guid":{"rendered":"https:\/\/vilkpedes.lt\/?page_id=8317"},"modified":"2025-07-23T09:07:40","modified_gmt":"2025-07-23T09:07:40","slug":"pilotinis-dantuku-valymo-iniciatyvos-projektas","status":"publish","type":"page","link":"https:\/\/vilkpedes.lt\/index.php\/pilotinis-dantuku-valymo-iniciatyvos-projektas\/","title":{"rendered":"Pilotinis dantuk\u0173 valymo iniciatyvos projektas"},"content":{"rendered":"\t\t<div data-elementor-type=\"wp-page\" data-elementor-id=\"8317\" class=\"elementor elementor-8317\">\n\t\t\t\t\t\t\t        <section class=\"elementor-section elementor-top-section elementor-element elementor-element-eea0b87 elementor-section-boxed elementor-section-height-default elementor-section-height-default\" data-id=\"eea0b87\" data-element_type=\"section\" data-settings=\"{&quot;_ha_eqh_enable&quot;:false}\">\n\t\t\n\t\t        <div class=\"elementor-container elementor-column-gap-default \" >\n\t\t        <div class=\"elementor-column elementor-col-33 elementor-top-column elementor-element elementor-element-3a43682\" data-id=\"3a43682\" data-element_type=\"column\">\n        <div class=\"elementor-widget-wrap elementor-element-populated\">\n                        \t\t<div class=\"elementor-element elementor-element-d23b3f5 elementor-widget elementor-widget-image\" data-id=\"d23b3f5\" data-element_type=\"widget\" data-widget_type=\"image.default\">\n\t\t\t\t<div class=\"elementor-widget-container\">\n\t\t\t<style>\/*! elementor - v3.7.8 - 02-10-2022 *\/\n.elementor-widget-image{text-align:center}.elementor-widget-image a{display:inline-block}.elementor-widget-image a img[src$=\".svg\"]{width:48px}.elementor-widget-image img{vertical-align:middle;display:inline-block}<\/style>\t\t\t\t\t\t\t\t\t\t\t\t<img decoding=\"async\" width=\"640\" height=\"640\" src=\"https:\/\/vilkpedes.lt\/wp-content\/uploads\/2025\/07\/Mes-stipriname-burnos-sveikata-\u2013-Vilniaus-miesto-savivaldybes-vaiku-burnos-sveikatos-stiprinimo-2025-m.-veiklos-planas-scaled.png\" class=\"attachment-large size-large\" alt=\"\" \/>\t\t\t\t\t\t\t\t\t\t\t\t\t\t\t<\/div>\n\t\t\t\t<\/div>\n\t\t        <\/div>\n        <\/div>\n                <div class=\"elementor-column elementor-col-66 elementor-top-column elementor-element elementor-element-04354e9\" data-id=\"04354e9\" data-element_type=\"column\">\n        <div class=\"elementor-widget-wrap elementor-element-populated\">\n                        \t\t<div class=\"elementor-element elementor-element-bcb4fce elementor-widget elementor-widget-text-editor\" data-id=\"bcb4fce\" data-element_type=\"widget\" data-widget_type=\"text-editor.default\">\n\t\t\t\t<div class=\"elementor-widget-container\">\n\t\t\t<style>\/*! elementor - v3.7.8 - 02-10-2022 *\/\n.elementor-widget-text-editor.elementor-drop-cap-view-stacked .elementor-drop-cap{background-color:#818a91;color:#fff}.elementor-widget-text-editor.elementor-drop-cap-view-framed .elementor-drop-cap{color:#818a91;border:3px solid;background-color:transparent}.elementor-widget-text-editor:not(.elementor-drop-cap-view-default) .elementor-drop-cap{margin-top:8px}.elementor-widget-text-editor:not(.elementor-drop-cap-view-default) .elementor-drop-cap-letter{width:1em;height:1em}.elementor-widget-text-editor .elementor-drop-cap{float:left;text-align:center;line-height:1;font-size:50px}.elementor-widget-text-editor .elementor-drop-cap-letter{display:inline-block}<\/style>\t\t\t\t<p style=\"font-weight: 400;\">Vilniaus miesto savivaldyb\u0117s visuomen\u0117s sveikatos biuro \u201eVilnius sveikiau\u201c komanda, vadovaudamasi Vilniaus miesto savivaldyb\u0117s Vaik\u0173 burnos sveikatos stiprinimo 2025 m. veiklos planu ir siekdama gerinti vaik\u0173 burnos higienos \u012fpro\u010dius, startuoja su nauja iniciatyva ir kvie\u010dia prisijungti prie pilotinio dant\u0173 valymo projekto ugdymo \u012fstaigoje!<\/p>\n\n<h6 style=\"font-weight: 400;\"><strong><span style=\"color: #000000; font-family: Aptos, sans-serif; text-align: justify; white-space-collapse: preserve;\"><span lang=\"LT\" style=\"color: #212121;\">Palaikant \u0161i\u0105 prasming\u0105 iniciatyv\u0105, nuo 2025 m. rugs\u0117jo m\u0117nesio m\u016bs\u0173 ugdymo \u012fstaigoje bus vykdomas pilotin\u0117s vaik\u0173 dant\u0173 valymo iniciatyvos \u012fgyvendinimas:<\/span><\/span><\/strong><\/h6>\n<p style=\"font-weight: 400;\"><\/p> <\/p><strong>Projekto<\/strong><strong> tikslas<\/strong><\/p>\n<p style=\"font-weight: 400;\">Skatinti Vilniaus miesto ikimokyklinio am\u017eiaus vaik\u0173 burnos higienos \u012fpro\u010di\u0173 formavim\u0105, stiprinti j\u0173 \u017einias apie burnos sveikat\u0105 bei prisid\u0117ti prie geresn\u0117s vaik\u0173 savijautos ir ma\u017eesnio sergamumo ateityje.<\/p>\n<p style=\"font-weight: 400;\"><strong>Kod\u0117l verta dalyvauti projekte?<\/strong><\/p>\n\n<ul style=\"font-weight: 400;\">\n \t<li>\u012estaiga gauna metodin\u0119 med\u017eiag\u0105 ir praktines rekomendacijas.<\/li>\n \t<li>Pedagogai dalyvauja profesionaliose konsultacijose bei mokymuose.<\/li>\n \t<li>\u012estaiga \u012fgyja vertingos patirties organizuojant vaik\u0173 burnos higienos u\u017esi\u0117mimus.<\/li>\n \t<li>Galimyb\u0117 prisid\u0117ti prie miesto sveikatinimo iniciatyvos ir gauti atitinkam\u0105 pa\u017eym\u0117jim\u0105 (elektronin\u012f \u017eenkliuk\u0105).<\/li>\n \t<li>Vaikai \u012fgyja svarbi\u0173 sveikatos \u012fg\u016bd\u017ei\u0173 bei motyvacijos r\u016bpintis savo burnos sveikata.<\/li>\n<\/ul>\n<p style=\"font-weight: 400;\"><strong>Projekto eiga<\/strong><\/p>\n<p style=\"font-weight: 400;\">Projektas vyks pirmose\u00a0<strong>10-yje savanori\u0161kai<\/strong>\u00a0u\u017esiregistravusi\u0173 Vilniaus miesto ikimokyklinio ugdymo \u012fstaig\u0173\u00a0<strong>2025 m. rugs\u0117jo\u2013gruod\u017eio m\u0117nesiais.<\/strong><\/p>\n\n<ul style=\"font-weight: 400;\">\n \t<li>I\u0161 vienos ugdymo \u012fstaigos kvie\u010diamos dalyvauti dvi 4\u20136 met\u0173 am\u017eiaus vaik\u0173 grup\u0117s, kuriose \u0161iuo metu nevykdomas dant\u0173 valymo procesas.<\/li>\n \t<li>Projekto prad\u017eioje vaikams bus suteikti dant\u0173 \u0161epet\u0117liai (pirmiems trims m\u0117nesiams) ir daugkartinio naudojimo puodeliai.<\/li>\n \t<li>Kadangi dant\u0173 \u0161epet\u0117lis turi b\u016bti kei\u010diamas kas 3 m\u0117nesius arba po persirgtos infekcin\u0117s ligos, projekto laikotarpiu prireiks dviej\u0173 papildom\u0173 dant\u0173 \u0161epet\u0117li\u0173, kuriuos \u012fsipareigoja \u012fsigyti vaiko t\u0117vai (glob\u0117jai, r\u016bpintojai).<\/li>\n<\/ul>\n<p style=\"font-weight: 400;\"><strong>\u012estaigos \u012fsipareigojimai:<\/strong><\/p>\n\n<ul style=\"font-weight: 400;\">\n \t<li>Bendradarbiauti su specialistais, organizuojant mokom\u0105sias veiklas pedagogams bei t\u0117vams.<\/li>\n \t<li>Prisid\u0117ti prie apklaus\u0173 apie vaik\u0173 burnos higienos \u012fg\u016bd\u017eius vykdymo.<\/li>\n<\/ul>\n<p style=\"font-weight: 400;\"><strong>T\u0117v\u0173 \u012fsipareigojimai:<\/strong><\/p>\n\n<ul style=\"font-weight: 400;\">\n \t<li>Projekto metu kiekvienam vaikui reik\u0117s 2 papildom\u0173 dant\u0173 \u0161epet\u0117li\u0173, kuriuos \u012fsipareigoja \u012fsigyti vaiko t\u0117vai (glob\u0117jai, r\u016bpintojai).<\/li>\n \t<li>T\u0117vai taip pat bus kvie\u010diami dalyvauti trumpose informacin\u0117se veiklose apie vaik\u0173 burnos higien\u0105, organizuojamose ugdymo \u012fstaigoje.<\/li>\n<\/ul>\n<p style=\"font-weight: 400;\"><strong>Projekto metu dalyviai bus apr\u016bpinami:<\/strong><\/p>\n\n<ul style=\"font-weight: 400;\">\n \t<li>Dant\u0173 \u0161epet\u0117liais (pirmiems trims m\u0117nesiams) ir daugkartinio naudojimo puodeliais.<\/li>\n \t<li>Vaizdo \u012fra\u0161u apie dant\u0173 valymo proceso organizavim\u0105.<\/li>\n \t<li>Metodine med\u017eiaga pedagogams \u2013 u\u017esi\u0117mimai vaikams prie\u0161 pradedant dant\u0173 valym\u0105.<\/li>\n \t<li>Konsultacijomis pedagogams (gyvai ugdymo \u012fstaigoje arba nuotoliniu b\u016bdu).<\/li>\n \t<li>Kontaktiniais mokymais ugdymo \u012fstaigos pedagogams.<\/li>\n \t<li>Elektroniniu \u017eenkliuku, kur\u012f \u012fstaiga gal\u0117s naudoti savo svetain\u0117je ar socialiniuose tinkluose kaip dalyvavimo projekte \u012frodym\u0105.<\/li>\n \t<li>Skatinam\u0105ja priemone vaikams \u2013 lipdukais.<\/li>\n<\/ul>\n<div>\n<p style=\"margin: 0in; font-size: 12pt; font-family: Aptos, sans-serif; color: #000000; white-space-collapse: preserve; text-align: justify; vertical-align: baseline;\"><b><span lang=\"LT\" style=\"color: #212121;\">Priemon\u0117s \u012f ugdymo \u012fstaig\u0105 bus pristatytos kartu su \u201eDantuk\u0173 f\u0117jos\u201c persona\u017e\u0105 \u012fk\u016bnijan\u010dios animator\u0117s edukaciniu u\u017esi\u0117mimu, <\/span><\/b><span lang=\"LT\" style=\"color: #212121;\">kvie\u010dian\u010diu vaikus susipa\u017einti su dant\u0173 prie\u017ei\u016bros svarba, formuoti atsakingus kasdienius \u012fpro\u010dius ir pabaigoje drauge duoti pa\u017ead\u0105 r\u016bpintis savo \u0161ypsenomis.<\/span><span style=\"color: #212121;\">\u00a0<\/span><u><\/u><u><\/u><\/p>\n\n<\/div>\n<div><span style=\"color: #212121;\">\u00a0<\/span><\/div>\t\t\t\t\t\t<\/div>\n\t\t\t\t<\/div>\n\t\t        <\/div>\n        <\/div>\n        \t\t        <\/div>\n        <\/section>\n\t\t\t\t\t\t\t<\/div>\n\t\t","protected":false},"excerpt":{"rendered":"<p>Vilniaus miesto savivaldyb\u0117s visuomen\u0117s sveikatos biuro \u201eVilnius sveikiau\u201c komanda, vadovaudamasi Vilniaus miesto savivaldyb\u0117s Vaik\u0173 burnos sveikatos stiprinimo 2025 m. veiklos planu ir siekdama gerinti vaik\u0173 burnos higienos \u012fpro\u010dius, startuoja su nauja iniciatyva ir kvie\u010dia prisijungti prie pilotinio dant\u0173 valymo projekto ugdymo \u012fstaigoje! Palaikant \u0161i\u0105 prasming\u0105 iniciatyv\u0105, nuo 2025 m. rugs\u0117jo m\u0117nesio m\u016bs\u0173 ugdymo \u012fstaigoje bus [&hellip;]<\/p>\n","protected":false},"author":1,"featured_media":0,"parent":0,"menu_order":0,"comment_status":"closed","ping_status":"closed","template":"","meta":{"_themeisle_gutenberg_block_has_review":false,"footnotes":""},"class_list":["post-8317","page","type-page","status-publish","hentry"],"_links":{"self":[{"href":"https:\/\/vilkpedes.lt\/index.php\/wp-json\/wp\/v2\/pages\/8317","targetHints":{"allow":["GET"]}}],"collection":[{"href":"https:\/\/vilkpedes.lt\/index.php\/wp-json\/wp\/v2\/pages"}],"about":[{"href":"https:\/\/vilkpedes.lt\/index.php\/wp-json\/wp\/v2\/types\/page"}],"author":[{"embeddable":true,"href":"https:\/\/vilkpedes.lt\/index.php\/wp-json\/wp\/v2\/users\/1"}],"replies":[{"embeddable":true,"href":"https:\/\/vilkpedes.lt\/index.php\/wp-json\/wp\/v2\/comments?post=8317"}],"version-history":[{"count":3,"href":"https:\/\/vilkpedes.lt\/index.php\/wp-json\/wp\/v2\/pages\/8317\/revisions"}],"predecessor-version":[{"id":8322,"href":"https:\/\/vilkpedes.lt\/index.php\/wp-json\/wp\/v2\/pages\/8317\/revisions\/8322"}],"wp:attachment":[{"href":"https:\/\/vilkpedes.lt\/index.php\/wp-json\/wp\/v2\/media?parent=8317"}],"curies":[{"name":"wp","href":"https:\/\/api.w.org\/{rel}","templated":true}]}}