{"id":28,"date":"2022-07-22T09:55:25","date_gmt":"2022-07-22T09:55:25","guid":{"rendered":"https:\/\/demo.cmssuperheroes.com\/themeforest\/kindori\/?page_id=28"},"modified":"2023-03-22T09:34:33","modified_gmt":"2023-03-22T09:34:33","slug":"priemimas","status":"publish","type":"page","link":"https:\/\/vilkpedes.lt\/index.php\/priemimas\/","title":{"rendered":"Vaik\u0173 pri\u0117mimas \u012f grupes"},"content":{"rendered":"\t\t<div data-elementor-type=\"wp-page\" data-elementor-id=\"28\" class=\"elementor elementor-28\">\n\t\t\t\t\t\t\t        <section class=\"elementor-section elementor-top-section elementor-element elementor-element-6b683a0 elementor-section-boxed elementor-section-height-default elementor-section-height-default\" data-id=\"6b683a0\" data-element_type=\"section\" data-settings=\"{&quot;_ha_eqh_enable&quot;:false}\">\n\t\t\n\t\t        <div class=\"elementor-container elementor-column-gap-default \" >\n\t\t        <div class=\"elementor-column elementor-col-100 elementor-top-column elementor-element elementor-element-b5390f0\" data-id=\"b5390f0\" data-element_type=\"column\">\n        <div class=\"elementor-widget-wrap elementor-element-populated\">\n                        \t\t<div class=\"elementor-element elementor-element-9a5e264 elementor-widget elementor-widget-text-editor\" data-id=\"9a5e264\" data-element_type=\"widget\" data-widget_type=\"text-editor.default\">\n\t\t\t\t<div class=\"elementor-widget-container\">\n\t\t\t<style>\/*! elementor - v3.7.8 - 02-10-2022 *\/\n.elementor-widget-text-editor.elementor-drop-cap-view-stacked .elementor-drop-cap{background-color:#818a91;color:#fff}.elementor-widget-text-editor.elementor-drop-cap-view-framed .elementor-drop-cap{color:#818a91;border:3px solid;background-color:transparent}.elementor-widget-text-editor:not(.elementor-drop-cap-view-default) .elementor-drop-cap{margin-top:8px}.elementor-widget-text-editor:not(.elementor-drop-cap-view-default) .elementor-drop-cap-letter{width:1em;height:1em}.elementor-widget-text-editor .elementor-drop-cap{float:left;text-align:center;line-height:1;font-size:50px}.elementor-widget-text-editor .elementor-drop-cap-letter{display:inline-block}<\/style>\t\t\t\t<p>Nuo <b>2023 m. kovo 11 d.\u00a0<\/b>\u012fsigaliojo\u00a0Vilniaus miesto savivaldyb\u0117s tarybos 2023 m. kovo 8 d. sprendimu\u00a0<b>Nr.\u00a0<\/b><b>1-1805<\/b>\u00a0patvirtin<wbr \/>tas\u00a0Vaik\u0173 pri\u0117mimo \u012f Vilniaus miesto \u0161vietimo \u012fstaig\u0173 ikimokyklinio ir prie\u0161mokyklinio ugdymo grupes organizavimo tvarkos apra\u0161as ,,<b>D\u0117l Vaik\u0173 pri\u0117mimo \u012f Vilniaus miesto \u0161vietimo \u012fstaig\u0173 ikimokyklinio ir prie\u0161mokyklinio ugdymo grupes organizavimo tvarkos apra\u0161o patvirtinimo\u201c.<\/b><\/p>\t\t\t\t\t\t<\/div>\n\t\t\t\t<\/div>\n\t\t        <\/div>\n        <\/div>\n        \t\t        <\/div>\n        <\/section>\n\t\t        <section class=\"elementor-section elementor-top-section elementor-element elementor-element-30e813d elementor-section-boxed elementor-section-height-default elementor-section-height-default\" data-id=\"30e813d\" data-element_type=\"section\" data-settings=\"{&quot;_ha_eqh_enable&quot;:false}\">\n\t\t\n\t\t        <div class=\"elementor-container elementor-column-gap-default \" >\n\t\t        <div class=\"elementor-column elementor-col-100 elementor-top-column elementor-element elementor-element-a66ce9f\" data-id=\"a66ce9f\" data-element_type=\"column\">\n        <div class=\"elementor-widget-wrap elementor-element-populated\">\n                        \t\t<div class=\"elementor-element elementor-element-0f022c3 elementor-widget elementor-widget-image\" data-id=\"0f022c3\" data-element_type=\"widget\" data-widget_type=\"image.default\">\n\t\t\t\t<div class=\"elementor-widget-container\">\n\t\t\t<style>\/*! elementor - v3.7.8 - 02-10-2022 *\/\n.elementor-widget-image{text-align:center}.elementor-widget-image a{display:inline-block}.elementor-widget-image a img[src$=\".svg\"]{width:48px}.elementor-widget-image img{vertical-align:middle;display:inline-block}<\/style>\t\t\t\t\t\t\t\t\t\t\t\t<img decoding=\"async\" width=\"1920\" height=\"1080\" src=\"https:\/\/vilkpedes.lt\/wp-content\/uploads\/2023\/03\/Pateiktis-sukurta-is-jusu-dokumento-3.png\" class=\"attachment-full size-full\" alt=\"\" srcset=\"https:\/\/vilkpedes.lt\/wp-content\/uploads\/2023\/03\/Pateiktis-sukurta-is-jusu-dokumento-3.png 1920w, https:\/\/vilkpedes.lt\/wp-content\/uploads\/2023\/03\/Pateiktis-sukurta-is-jusu-dokumento-3-300x169.png 300w, https:\/\/vilkpedes.lt\/wp-content\/uploads\/2023\/03\/Pateiktis-sukurta-is-jusu-dokumento-3-1024x576.png 1024w, https:\/\/vilkpedes.lt\/wp-content\/uploads\/2023\/03\/Pateiktis-sukurta-is-jusu-dokumento-3-768x432.png 768w, https:\/\/vilkpedes.lt\/wp-content\/uploads\/2023\/03\/Pateiktis-sukurta-is-jusu-dokumento-3-1536x864.png 1536w\" sizes=\"(max-width: 1920px) 100vw, 1920px\" \/>\t\t\t\t\t\t\t\t\t\t\t\t\t\t\t<\/div>\n\t\t\t\t<\/div>\n\t\t        <\/div>\n        <\/div>\n        \t\t        <\/div>\n        <\/section>\n\t\t\t\t\t\t\t<\/div>\n\t\t","protected":false},"excerpt":{"rendered":"<p>Nuo 2023 m. kovo 11 d.\u00a0\u012fsigaliojo\u00a0Vilniaus miesto savivaldyb\u0117s tarybos 2023 m. kovo 8 d. sprendimu\u00a0Nr.\u00a01-1805\u00a0patvirtintas\u00a0Vaik\u0173 pri\u0117mimo \u012f Vilniaus miesto \u0161vietimo \u012fstaig\u0173 ikimokyklinio ir prie\u0161mokyklinio ugdymo grupes organizavimo tvarkos apra\u0161as ,,D\u0117l Vaik\u0173 pri\u0117mimo \u012f Vilniaus miesto \u0161vietimo \u012fstaig\u0173 ikimokyklinio ir prie\u0161mokyklinio ugdymo grupes organizavimo tvarkos apra\u0161o patvirtinimo\u201c.<\/p>\n","protected":false},"author":1,"featured_media":0,"parent":0,"menu_order":0,"comment_status":"closed","ping_status":"closed","template":"","meta":{"_themeisle_gutenberg_block_has_review":false,"footnotes":""},"class_list":["post-28","page","type-page","status-publish","hentry"],"_links":{"self":[{"href":"https:\/\/vilkpedes.lt\/index.php\/wp-json\/wp\/v2\/pages\/28","targetHints":{"allow":["GET"]}}],"collection":[{"href":"https:\/\/vilkpedes.lt\/index.php\/wp-json\/wp\/v2\/pages"}],"about":[{"href":"https:\/\/vilkpedes.lt\/index.php\/wp-json\/wp\/v2\/types\/page"}],"author":[{"embeddable":true,"href":"https:\/\/vilkpedes.lt\/index.php\/wp-json\/wp\/v2\/users\/1"}],"replies":[{"embeddable":true,"href":"https:\/\/vilkpedes.lt\/index.php\/wp-json\/wp\/v2\/comments?post=28"}],"version-history":[{"count":7,"href":"https:\/\/vilkpedes.lt\/index.php\/wp-json\/wp\/v2\/pages\/28\/revisions"}],"predecessor-version":[{"id":5820,"href":"https:\/\/vilkpedes.lt\/index.php\/wp-json\/wp\/v2\/pages\/28\/revisions\/5820"}],"wp:attachment":[{"href":"https:\/\/vilkpedes.lt\/index.php\/wp-json\/wp\/v2\/media?parent=28"}],"curies":[{"name":"wp","href":"https:\/\/api.w.org\/{rel}","templated":true}]}}